{"id":32,"date":"2024-02-18T18:00:23","date_gmt":"2024-02-18T21:00:23","guid":{"rendered":"https:\/\/mosteirodosjesuitas.org.br\/?page_id=32"},"modified":"2024-02-19T18:56:54","modified_gmt":"2024-02-19T21:56:54","slug":"historia","status":"publish","type":"page","link":"https:\/\/mosteirodosjesuitas.org.br\/","title":{"rendered":"Hist\u00f3ria"},"content":{"rendered":"\n<p><\/p>\n\n\n\n<p><\/p>\n\n\n\n<div class=\"wp-block-columns is-layout-flex wp-container-core-columns-is-layout-9d6595d7 wp-block-columns-is-layout-flex\">\n<div class=\"wp-block-column is-layout-flow wp-block-column-is-layout-flow\">\n<figure class=\"wp-block-image size-full size-large\"><img loading=\"lazy\" decoding=\"async\" width=\"174\" height=\"289\" src=\"https:\/\/mosteirodosjesuitas.org.br\/wp-content\/uploads\/2024\/02\/comendador-ananias.jpeg\" alt=\"\" class=\"wp-image-98\"\/><\/figure>\n\n\n\n<h2 class=\"wp-block-heading has-black-color has-text-color\" style=\"font-size:45px\">O in\u00edcio<\/h2>\n\n\n\n<p>O Mosteiro dos Jesu\u00edtas, em sua funda\u00e7\u00e3o denominado &#8220;Escola Apost\u00f3lica de Baturit\u00e9&#8221;, foi fundado em fevereiro de 1922 para acolher novos jesu\u00edtas.<\/p>\n\n\n\n<p>A fam\u00edlia do Comendador Ananias Arruda, foi quem doou uma parte do Sitio Olho D\u2019Agua ao Pe. Ant\u00f4nio de Oliveira Pinto, n\u00e3o s\u00f3 para realizar a constru\u00e7\u00e3o, e sim para que os jesu\u00edtas pudessem tirar do cultivo da terra, o sustento dos seus, oriundos de fam\u00edlias pobres do interior do Cear\u00e1, do Pernambuco e do Piau\u00ed.<\/p>\n<\/div>\n\n\n\n<div class=\"wp-block-column is-layout-flow wp-block-column-is-layout-flow\">\n<div style=\"height:254px\" aria-hidden=\"true\" class=\"wp-block-spacer\"><\/div>\n\n\n\n<figure class=\"wp-block-image size-full is-resized size-large\"><img loading=\"lazy\" decoding=\"async\" width=\"637\" height=\"424\" src=\"https:\/\/mosteirodosjesuitas.org.br\/wp-content\/uploads\/2024\/02\/antigo.jpg\" alt=\"\" class=\"wp-image-94\" style=\"width:399px;height:auto\" srcset=\"https:\/\/mosteirodosjesuitas.org.br\/wp-content\/uploads\/2024\/02\/antigo.jpg 637w, https:\/\/mosteirodosjesuitas.org.br\/wp-content\/uploads\/2024\/02\/antigo-300x200.jpg 300w\" sizes=\"auto, (max-width: 637px) 100vw, 637px\" \/><\/figure>\n\n\n\n<h2 class=\"wp-block-heading has-black-color has-text-color\" style=\"font-size:45px\">Constru\u00e7\u00e3o<\/h2>\n\n\n\n<p class=\"has-black-color has-text-color\" style=\"line-height:1.8\">A constru\u00e7\u00e3o levou mais de 10 anos para finalizar a parte atual; no projeto original o tamanho da Escola Apost\u00f3lica era o dobro. Na noite do dia 13 de abril de 1921, no Pal\u00e1cio Episcopal de Fortaleza, Ananias Arruda, em um encontro casual com o padre Jesu\u00edta, Antonio de Oliveira Pinto, provincial da Companhia de Jesus no norte do Brasil, tomou conhecimento da inten\u00e7\u00e3o da Congrega\u00e7\u00e3o de construir uma Escola Apost\u00f3lica no Nordeste.<\/p>\n<\/div>\n<\/div>\n\n\n\n<div class=\"wp-block-columns is-layout-flex wp-container-core-columns-is-layout-9d6595d7 wp-block-columns-is-layout-flex\">\n<div class=\"wp-block-column is-layout-flow wp-block-column-is-layout-flow\">\n<figure class=\"wp-block-image size-full is-resized size-large\"><img loading=\"lazy\" decoding=\"async\" width=\"655\" height=\"344\" src=\"https:\/\/mosteirodosjesuitas.org.br\/wp-content\/uploads\/2024\/02\/Fco-Pinto.jpg\" alt=\"\" class=\"wp-image-97\" style=\"width:341px;height:auto\" srcset=\"https:\/\/mosteirodosjesuitas.org.br\/wp-content\/uploads\/2024\/02\/Fco-Pinto.jpg 655w, https:\/\/mosteirodosjesuitas.org.br\/wp-content\/uploads\/2024\/02\/Fco-Pinto-300x158.jpg 300w\" sizes=\"auto, (max-width: 655px) 100vw, 655px\" \/><\/figure>\n\n\n\n<h2 class=\"wp-block-heading has-black-color has-text-color\" style=\"font-size:45px\">Padre Pinto<\/h2>\n\n\n\n<p class=\"has-black-color has-text-color\" style=\"line-height:1.8\">O Padre Pinto encontrava-se em Fortaleza em tr\u00e2nsito para a cidade de Brejo das Bananeiras, no Estado da Para\u00edba, onde iria vistoriar um terreno destinado a referida constru\u00e7\u00e3o. Logo, Ananias Arruda o persuadiu a ir \u00e0 Baturit\u00e9 e juntos visitarem o &#8220;S\u00edtio Olho D\u2019\u00e1gua&#8221;, local indicado por ele, para a constru\u00e7\u00e3o da Escola. O Padre Pinto n\u00e3o cogitava constru\u00ed-la no Cear\u00e1 por causa das secas peri\u00f3dicas, mas, mesmo assim, aceitou o convite.<\/p>\n<\/div>\n\n\n\n<div class=\"wp-block-column is-layout-flow wp-block-column-is-layout-flow\">\n<div style=\"height:254px\" aria-hidden=\"true\" class=\"wp-block-spacer\"><\/div>\n\n\n\n<figure class=\"wp-block-image size-full is-resized size-large\"><img loading=\"lazy\" decoding=\"async\" width=\"960\" height=\"690\" src=\"https:\/\/mosteirodosjesuitas.org.br\/wp-content\/uploads\/2024\/02\/sito-olho-dagua.jpeg\" alt=\"\" class=\"wp-image-99\" style=\"width:458px;height:auto\" srcset=\"https:\/\/mosteirodosjesuitas.org.br\/wp-content\/uploads\/2024\/02\/sito-olho-dagua.jpeg 960w, https:\/\/mosteirodosjesuitas.org.br\/wp-content\/uploads\/2024\/02\/sito-olho-dagua-300x216.jpeg 300w, https:\/\/mosteirodosjesuitas.org.br\/wp-content\/uploads\/2024\/02\/sito-olho-dagua-768x552.jpeg 768w\" sizes=\"auto, (max-width: 767px) 89vw, (max-width: 1000px) 54vw, (max-width: 1071px) 543px, 580px\" \/><\/figure>\n\n\n\n<h2 class=\"wp-block-heading has-black-color has-text-color\" style=\"font-size:45px\">S\u00edtio Olho D&#8217;\u00e1gua<\/h2>\n\n\n\n<p class=\"has-black-color has-text-color\" style=\"line-height:1.8\">Ananias Arruda ofereceu, al\u00e9m do &#8220;S\u00edtio Olho D\u2019\u00e1gua&#8221; que seria comprado, por seu interm\u00e9dio, a pre\u00e7o m\u00f3dico, pela Arquidiocese de Fortaleza, de seu propriet\u00e1rio Cel. Joaquim de Alencar Matos e doado aos Jesu\u00edtas, outras facilidades como: toda a cal que seria usada na constru\u00e7\u00e3o. O Padre Pinto voltou a Bahia sem nada decidir, mas logo mandou um telegrama com os seguintes dizeres: Aceito &#8220;Olho D\u2019\u00e1gua&#8221;. Padre Pinto. Passados alguns dias, Ananias Arruda recebeu uma procura\u00e7\u00e3o para assinar a escritura da doa\u00e7\u00e3o do s\u00edtio e uma carta pedindo para assumir a constru\u00e7\u00e3o da Escola. No dia 15 de abril de 1922, foi conclu\u00edda uma ponte sobre o leito do rio Aracoiaba para facilitar o transporte do material de constru\u00e7\u00e3o. Em maio do mesmo ano, Ananias Arruda comprou dois s\u00edtios anexos ao Olho D\u2019\u00e1gua: o &#8220;Jord\u00e3o Mendes&#8221; e o &#8220;Caridade&#8221; no alto da serra onde seria constru\u00edda a &#8220;Casa de Retiros S\u00e3o Jos\u00e9&#8221;.<\/p>\n<\/div>\n<\/div>\n\n\n\n<div class=\"wp-block-columns is-layout-flex wp-container-core-columns-is-layout-9d6595d7 wp-block-columns-is-layout-flex\">\n<div class=\"wp-block-column is-layout-flow wp-block-column-is-layout-flow\">\n<figure class=\"wp-block-image size-full is-resized size-large\"><img loading=\"lazy\" decoding=\"async\" width=\"800\" height=\"211\" src=\"https:\/\/mosteirodosjesuitas.org.br\/wp-content\/uploads\/2024\/02\/projeto-da-Escola-Apostolica-Baturite.jpg\" alt=\"\" class=\"wp-image-100\" style=\"width:705px;height:auto\" srcset=\"https:\/\/mosteirodosjesuitas.org.br\/wp-content\/uploads\/2024\/02\/projeto-da-Escola-Apostolica-Baturite.jpg 800w, https:\/\/mosteirodosjesuitas.org.br\/wp-content\/uploads\/2024\/02\/projeto-da-Escola-Apostolica-Baturite-300x79.jpg 300w, https:\/\/mosteirodosjesuitas.org.br\/wp-content\/uploads\/2024\/02\/projeto-da-Escola-Apostolica-Baturite-768x203.jpg 768w\" sizes=\"auto, (max-width: 767px) 89vw, (max-width: 1000px) 54vw, (max-width: 1071px) 543px, 580px\" \/><\/figure>\n\n\n\n<h2 class=\"wp-block-heading has-black-color has-text-color\" style=\"font-size:45px\">Escola apost\u00f3lica<\/h2>\n\n\n\n<p class=\"has-black-color has-text-color\" style=\"line-height:1.8\">Para o arrojado projeto da Escola Apost\u00f3lica, o Padre Ant\u00f4nio de Oliveira Pinto contratou um renomado engenheiro de S\u00e3o Paulo que projetou sua constru\u00e7\u00e3o numa \u00e1rea de terra de 110 metros de frente por 78 de fundos. No dia 3 de dezembro do mesmo ano, foi benta a Pedra Fundamental por Dom Manuel da Silva Gomes, Arcebispo de Fortaleza na presen\u00e7a do Ministro da Via\u00e7\u00e3o, do Presidente do Estado, do Representante da Inspetoria de Secas, do representante da Rede de Via\u00e7\u00e3o Cearense, de jornalistas, religiosos e grande massa popular. A comitiva do Sr. Arcebispo foi recebida pelo Coronel Ananias Arruda, Padre Antonio de Oliveira Pinto, Monsenhor Manoel C\u00e2ndido dos Santos e Dr. Abner Vasconcelos, juiz de direito de Baturit\u00e9. A pedra fundamental, benta solenemente pelo Arcebispo, foi retirada das ru\u00ednas da antiga Igreja dos Jesu\u00edtas, na cidade de Aquiraz, no Cear\u00e1, demolida quando da expuls\u00e3o dos jesu\u00edtas, no ano de 1748.<\/p>\n<\/div>\n\n\n\n<div class=\"wp-block-column is-layout-flow wp-block-column-is-layout-flow\">\n<div style=\"height:254px\" aria-hidden=\"true\" class=\"wp-block-spacer\"><\/div>\n\n\n\n<figure class=\"wp-block-image size-full is-resized size-large\"><img loading=\"lazy\" decoding=\"async\" width=\"960\" height=\"676\" src=\"https:\/\/mosteirodosjesuitas.org.br\/wp-content\/uploads\/2024\/02\/construcao-mosteiro.jpeg\" alt=\"\" class=\"wp-image-103\" style=\"width:507px;height:auto\" srcset=\"https:\/\/mosteirodosjesuitas.org.br\/wp-content\/uploads\/2024\/02\/construcao-mosteiro.jpeg 960w, https:\/\/mosteirodosjesuitas.org.br\/wp-content\/uploads\/2024\/02\/construcao-mosteiro-300x211.jpeg 300w, https:\/\/mosteirodosjesuitas.org.br\/wp-content\/uploads\/2024\/02\/construcao-mosteiro-768x541.jpeg 768w\" sizes=\"auto, (max-width: 767px) 89vw, (max-width: 1000px) 54vw, (max-width: 1071px) 543px, 580px\" \/><\/figure>\n\n\n\n<h2 class=\"wp-block-heading has-black-color has-text-color\" style=\"font-size:45px\">C\u00e1psula do tempo<\/h2>\n\n\n\n<p class=\"has-black-color has-text-color\" style=\"line-height:1.8\">Em uma cavidade preparada para abrigar a referida pedra foram colocadas, tamb\u00e9m, v\u00e1rias moedas em circula\u00e7\u00e3o, um exemplar do jornal &#8220;A Verdade&#8221;, e um precioso pergaminho no qual o Dr. Andrade Furtado, redator chefe do jornal &#8220;O Nordeste&#8221; lavrou uma ata hist\u00f3rica da cerim\u00f4nia que foi assinada pelo Arcebispo, sua comitiva e muitos dos presentes. Quando do fechamento da cavidade com a pedra, o mestre Abel Maia redigiu o seguinte: Pedra, Ru\u00ednas, Igreja Aquiraz P.P. Jesu\u00edtas 1748, primeira pedra E. Apost\u00f3lica P.P. Jesu\u00edtas de Baturit\u00e9, 3-XII-1922. A partir desse instante ficou Ananias respons\u00e1vel pelo andamento da obra que foi iniciada no dia 3 de janeiro de 1923. Al\u00e9m dele, Dona Lib\u00e2nia de Holanda contribuiu, significativamente, para a constru\u00e7\u00e3o e o Padre Pinto fez uma verdadeira peregrina\u00e7\u00e3o por todo o Brasil angariando recursos.<\/p>\n<\/div>\n<\/div>\n\n\n\n<div class=\"wp-block-columns is-layout-flex wp-container-core-columns-is-layout-9d6595d7 wp-block-columns-is-layout-flex\">\n<div class=\"wp-block-column is-layout-flow wp-block-column-is-layout-flow\">\n<figure class=\"wp-block-image size-full size-large\"><img loading=\"lazy\" decoding=\"async\" width=\"1400\" height=\"1122\" src=\"https:\/\/mosteirodosjesuitas.org.br\/wp-content\/uploads\/2024\/02\/primeirosjesuitas.jpeg\" alt=\"\" class=\"wp-image-176\" srcset=\"https:\/\/mosteirodosjesuitas.org.br\/wp-content\/uploads\/2024\/02\/primeirosjesuitas.jpeg 1400w, https:\/\/mosteirodosjesuitas.org.br\/wp-content\/uploads\/2024\/02\/primeirosjesuitas-300x240.jpeg 300w, https:\/\/mosteirodosjesuitas.org.br\/wp-content\/uploads\/2024\/02\/primeirosjesuitas-1024x821.jpeg 1024w, https:\/\/mosteirodosjesuitas.org.br\/wp-content\/uploads\/2024\/02\/primeirosjesuitas-768x615.jpeg 768w\" sizes=\"auto, (max-width: 767px) 89vw, (max-width: 1000px) 54vw, (max-width: 1071px) 543px, 580px\" \/><\/figure>\n\n\n\n<h2 class=\"wp-block-heading has-black-color has-text-color\" style=\"font-size:45px\">T\u00e9rmino da constru\u00e7\u00e3o<\/h2>\n\n\n\n<p class=\"has-black-color has-text-color\" style=\"line-height:1.8\">Em 15 de agosto de 1927, conclu\u00edda a parte lateral do pr\u00e9dio, foi a Escola Apost\u00f3lica dos Padres Jesu\u00edtas de Baturit\u00e9, solenemente inaugurada, com a ben\u00e7\u00e3o de suas depend\u00eancias pelo Arcebispo de Fortaleza, Dom Manuel da Silva Gomes, e uma missa campal com a participa\u00e7\u00e3o de um grande n\u00famero de pessoas. Ao longo dos anos, a Escola Apost\u00f3lica de Baturit\u00e9, ficou conhecida como &#8220;Mosteiro dos Jesu\u00edtas &#8220;, devido a estrutura da casa, sua antiguidade e car\u00e1ter religioso.<\/p>\n<\/div>\n\n\n\n<div class=\"wp-block-column is-layout-flow wp-block-column-is-layout-flow\">\n<div style=\"height:254px\" aria-hidden=\"true\" class=\"wp-block-spacer\"><\/div>\n\n\n\n<figure class=\"wp-block-image size-large\"><img loading=\"lazy\" decoding=\"async\" width=\"689\" height=\"1024\" src=\"https:\/\/mosteirodosjesuitas.org.br\/wp-content\/uploads\/2024\/02\/padre-eugenio-689x1024.jpg\" alt=\"\" class=\"wp-image-105\" srcset=\"https:\/\/mosteirodosjesuitas.org.br\/wp-content\/uploads\/2024\/02\/padre-eugenio-689x1024.jpg 689w, https:\/\/mosteirodosjesuitas.org.br\/wp-content\/uploads\/2024\/02\/padre-eugenio-202x300.jpg 202w, https:\/\/mosteirodosjesuitas.org.br\/wp-content\/uploads\/2024\/02\/padre-eugenio-768x1142.jpg 768w, https:\/\/mosteirodosjesuitas.org.br\/wp-content\/uploads\/2024\/02\/padre-eugenio.jpg 807w\" sizes=\"auto, (max-width: 689px) 100vw, 689px\" \/><\/figure>\n\n\n\n<h2 class=\"wp-block-heading has-black-color has-text-color\" style=\"font-size:45px\">Dias atuais<\/h2>\n\n\n\n<p class=\"has-black-color has-text-color\" style=\"line-height:1.8\">Atualmente, o diretor \u00e9 o sacerdote jesu\u00edta, padre Eug\u00eanio Pacelli, assessorado pelo padre Djailton Oliveira.<\/p>\n<\/div>\n<\/div>\n","protected":false},"excerpt":{"rendered":"<p>O in\u00edcio O Mosteiro dos Jesu\u00edtas, em sua funda\u00e7\u00e3o denominado &#8220;Escola Apost\u00f3lica de Baturit\u00e9&#8221;, foi fundado em fevereiro de 1922 para acolher novos jesu\u00edtas. A fam\u00edlia do Comendador Ananias Arruda, foi quem doou uma parte do Sitio Olho D\u2019Agua ao Pe. Ant\u00f4nio de Oliveira Pinto, n\u00e3o s\u00f3 para realizar a constru\u00e7\u00e3o, e sim para que &hellip; <\/p>\n<p class=\"link-more\"><a href=\"https:\/\/mosteirodosjesuitas.org.br\/\" class=\"more-link\">Continue lendo<span class=\"screen-reader-text\"> &#8220;Hist\u00f3ria&#8221;<\/span><\/a><\/p>\n","protected":false},"author":1,"featured_media":51,"parent":0,"menu_order":0,"comment_status":"closed","ping_status":"closed","template":"","meta":{"footnotes":""},"class_list":["post-32","page","type-page","status-publish","has-post-thumbnail","hentry"],"_links":{"self":[{"href":"https:\/\/mosteirodosjesuitas.org.br\/index.php?rest_route=\/wp\/v2\/pages\/32","targetHints":{"allow":["GET"]}}],"collection":[{"href":"https:\/\/mosteirodosjesuitas.org.br\/index.php?rest_route=\/wp\/v2\/pages"}],"about":[{"href":"https:\/\/mosteirodosjesuitas.org.br\/index.php?rest_route=\/wp\/v2\/types\/page"}],"author":[{"embeddable":true,"href":"https:\/\/mosteirodosjesuitas.org.br\/index.php?rest_route=\/wp\/v2\/users\/1"}],"replies":[{"embeddable":true,"href":"https:\/\/mosteirodosjesuitas.org.br\/index.php?rest_route=%2Fwp%2Fv2%2Fcomments&post=32"}],"version-history":[{"count":10,"href":"https:\/\/mosteirodosjesuitas.org.br\/index.php?rest_route=\/wp\/v2\/pages\/32\/revisions"}],"predecessor-version":[{"id":177,"href":"https:\/\/mosteirodosjesuitas.org.br\/index.php?rest_route=\/wp\/v2\/pages\/32\/revisions\/177"}],"wp:featuredmedia":[{"embeddable":true,"href":"https:\/\/mosteirodosjesuitas.org.br\/index.php?rest_route=\/wp\/v2\/media\/51"}],"wp:attachment":[{"href":"https:\/\/mosteirodosjesuitas.org.br\/index.php?rest_route=%2Fwp%2Fv2%2Fmedia&parent=32"}],"curies":[{"name":"wp","href":"https:\/\/api.w.org\/{rel}","templated":true}]}}