{"id":109,"date":"2024-02-19T14:57:31","date_gmt":"2024-02-19T17:57:31","guid":{"rendered":"https:\/\/mosteirodosjesuitas.org.br\/?page_id=109"},"modified":"2024-02-26T15:44:31","modified_gmt":"2024-02-26T18:44:31","slug":"109-2","status":"publish","type":"page","link":"https:\/\/mosteirodosjesuitas.org.br\/?page_id=109","title":{"rendered":"Nossos hor\u00e1rios"},"content":{"rendered":"\n<div class=\"wp-block-columns are-vertically-aligned-top is-layout-flex wp-container-core-columns-is-layout-9d6595d7 wp-block-columns-is-layout-flex\">\n<div class=\"wp-block-column is-layout-flow wp-block-column-is-layout-flow\">\n<div class=\"wp-block-group\"><div class=\"wp-block-group__inner-container is-layout-flow wp-block-group-is-layout-flow\"><div class=\"wp-block-image is-style-default\">\n<figure class=\"aligncenter size-large\"><img loading=\"lazy\" decoding=\"async\" width=\"1024\" height=\"1024\" src=\"https:\/\/mosteirodosjesuitas.org.br\/wp-content\/uploads\/2024\/02\/Snapinsta.app_425781457_18325583350114889_7522709744840329416_n_1080-1024x1024.jpg\" alt=\"\" class=\"wp-image-178\" srcset=\"https:\/\/mosteirodosjesuitas.org.br\/wp-content\/uploads\/2024\/02\/Snapinsta.app_425781457_18325583350114889_7522709744840329416_n_1080-1024x1024.jpg 1024w, https:\/\/mosteirodosjesuitas.org.br\/wp-content\/uploads\/2024\/02\/Snapinsta.app_425781457_18325583350114889_7522709744840329416_n_1080-300x300.jpg 300w, https:\/\/mosteirodosjesuitas.org.br\/wp-content\/uploads\/2024\/02\/Snapinsta.app_425781457_18325583350114889_7522709744840329416_n_1080-150x150.jpg 150w, https:\/\/mosteirodosjesuitas.org.br\/wp-content\/uploads\/2024\/02\/Snapinsta.app_425781457_18325583350114889_7522709744840329416_n_1080-768x768.jpg 768w, https:\/\/mosteirodosjesuitas.org.br\/wp-content\/uploads\/2024\/02\/Snapinsta.app_425781457_18325583350114889_7522709744840329416_n_1080-100x100.jpg 100w, https:\/\/mosteirodosjesuitas.org.br\/wp-content\/uploads\/2024\/02\/Snapinsta.app_425781457_18325583350114889_7522709744840329416_n_1080.jpg 1080w\" sizes=\"auto, (max-width: 767px) 89vw, (max-width: 1000px) 54vw, (max-width: 1071px) 543px, 580px\" \/><\/figure>\n<\/div>\n\n\n<h2 class=\"wp-block-heading has-text-align-left has-black-color has-text-color\" style=\"font-size:30px\">Funcionamento<\/h2>\n\n\n\n<p>Ter\u00e7a \u00e0 Domingo: 08h &#8211; 18h<br>Segunda-feira:  <strong>Fechado<\/strong><\/p>\n<\/div><\/div>\n<\/div>\n\n\n\n<div class=\"wp-block-column is-layout-flow wp-block-column-is-layout-flow\">\n<div class=\"wp-block-group\"><div class=\"wp-block-group__inner-container is-layout-flow wp-block-group-is-layout-flow\"><div class=\"wp-block-image is-style-default\">\n<figure class=\"aligncenter size-large is-resized\"><img loading=\"lazy\" decoding=\"async\" width=\"819\" height=\"1024\" src=\"https:\/\/mosteirodosjesuitas.org.br\/wp-content\/uploads\/2024\/02\/Snapinsta.app_428616363_18255089647168531_2865079375380479839_n_1080-819x1024.jpg\" alt=\"\" class=\"wp-image-180\" style=\"width:254px;height:auto\" srcset=\"https:\/\/mosteirodosjesuitas.org.br\/wp-content\/uploads\/2024\/02\/Snapinsta.app_428616363_18255089647168531_2865079375380479839_n_1080-819x1024.jpg 819w, https:\/\/mosteirodosjesuitas.org.br\/wp-content\/uploads\/2024\/02\/Snapinsta.app_428616363_18255089647168531_2865079375380479839_n_1080-240x300.jpg 240w, https:\/\/mosteirodosjesuitas.org.br\/wp-content\/uploads\/2024\/02\/Snapinsta.app_428616363_18255089647168531_2865079375380479839_n_1080-768x960.jpg 768w, https:\/\/mosteirodosjesuitas.org.br\/wp-content\/uploads\/2024\/02\/Snapinsta.app_428616363_18255089647168531_2865079375380479839_n_1080.jpg 1080w\" sizes=\"auto, (max-width: 767px) 89vw, (max-width: 1000px) 54vw, (max-width: 1071px) 543px, 580px\" \/><\/figure>\n<\/div>\n\n\n<h2 class=\"wp-block-heading has-text-align-left has-black-color has-text-color\" style=\"font-size:30px\">Celebra\u00e7\u00f5es<\/h2>\n\n\n\n<p><br><strong>Noite da luz:<\/strong>  Quinta-feira \u00e0s 19h<br><strong>Santa missa:<\/strong> Domingo \u00e0s 10h<\/p>\n\n\n\n<p><\/p>\n<\/div><\/div>\n<\/div>\n<\/div>\n\n\n\n<h1 class=\"wp-block-heading has-text-align-center has-large-font-size\">Nossos contatos<\/h1>\n\n\n\n<p class=\"has-text-align-center has-medium-font-size\"><br>Email: <a href=\"mailto:contato@mosteirodosjesuitas.org.br\">contato@mosteirodosjesuitas.org.br<\/a><br>Telefone: <a href=\"tel:\/\/85991983991\">(85) 9 9198 3991<\/a><\/p>\n","protected":false},"excerpt":{"rendered":"<p>Funcionamento Ter\u00e7a \u00e0 Domingo: 08h &#8211; 18hSegunda-feira: Fechado Celebra\u00e7\u00f5es Noite da luz: Quinta-feira \u00e0s 19hSanta missa: Domingo \u00e0s 10h Nossos contatos Email: contato@mosteirodosjesuitas.org.brTelefone: (85) 9 9198 3991<\/p>\n","protected":false},"author":1,"featured_media":184,"parent":0,"menu_order":0,"comment_status":"closed","ping_status":"closed","template":"","meta":{"footnotes":""},"class_list":["post-109","page","type-page","status-publish","has-post-thumbnail","hentry"],"_links":{"self":[{"href":"https:\/\/mosteirodosjesuitas.org.br\/index.php?rest_route=\/wp\/v2\/pages\/109","targetHints":{"allow":["GET"]}}],"collection":[{"href":"https:\/\/mosteirodosjesuitas.org.br\/index.php?rest_route=\/wp\/v2\/pages"}],"about":[{"href":"https:\/\/mosteirodosjesuitas.org.br\/index.php?rest_route=\/wp\/v2\/types\/page"}],"author":[{"embeddable":true,"href":"https:\/\/mosteirodosjesuitas.org.br\/index.php?rest_route=\/wp\/v2\/users\/1"}],"replies":[{"embeddable":true,"href":"https:\/\/mosteirodosjesuitas.org.br\/index.php?rest_route=%2Fwp%2Fv2%2Fcomments&post=109"}],"version-history":[{"count":11,"href":"https:\/\/mosteirodosjesuitas.org.br\/index.php?rest_route=\/wp\/v2\/pages\/109\/revisions"}],"predecessor-version":[{"id":198,"href":"https:\/\/mosteirodosjesuitas.org.br\/index.php?rest_route=\/wp\/v2\/pages\/109\/revisions\/198"}],"wp:featuredmedia":[{"embeddable":true,"href":"https:\/\/mosteirodosjesuitas.org.br\/index.php?rest_route=\/wp\/v2\/media\/184"}],"wp:attachment":[{"href":"https:\/\/mosteirodosjesuitas.org.br\/index.php?rest_route=%2Fwp%2Fv2%2Fmedia&parent=109"}],"curies":[{"name":"wp","href":"https:\/\/api.w.org\/{rel}","templated":true}]}}